{"id":64,"date":"2020-06-08T11:00:51","date_gmt":"2020-06-08T11:00:51","guid":{"rendered":"http:\/\/www.astihortz.com\/?page_id=64"},"modified":"2021-09-02T17:53:14","modified_gmt":"2021-09-02T17:53:14","slug":"home-2","status":"publish","type":"page","link":"https:\/\/www.astihortz.com\/es","title":{"rendered":"Cl\u00ednica Dental en Astigarraga | AstiHortz"},"content":{"rendered":"","protected":false},"excerpt":{"rendered":"","protected":false},"author":1,"featured_media":208,"parent":0,"menu_order":0,"comment_status":"open","ping_status":"closed","template":"","meta":[],"yoast_head":"<!-- This site is optimized with the Yoast SEO plugin v17.0 - https:\/\/yoast.com\/wordpress\/plugins\/seo\/ -->\n<title>ASTIHORTZ | Cl\u00ednica Dental en Astigarraga<\/title>\n<meta name=\"description\" content=\"Cl\u00ednica Dental en Astigarraga, ASTIHORTZ. Un equipo de profesionales cerca de t\u00ed. Bienvenido a la cl\u00ednica Astihortz. 943 335 268.\" \/>\n<meta name=\"robots\" content=\"index, follow, max-snippet:-1, max-image-preview:large, max-video-preview:-1\" \/>\n<link rel=\"canonical\" href=\"https:\/\/www.astihortz.com\/es\" \/>\n<meta property=\"og:locale\" content=\"es_ES\" \/>\n<meta property=\"og:type\" content=\"article\" \/>\n<meta property=\"og:title\" content=\"ASTIHORTZ | Cl\u00ednica Dental en Astigarraga\" \/>\n<meta property=\"og:description\" content=\"Cl\u00ednica Dental en Astigarraga, ASTIHORTZ. Un equipo de profesionales cerca de t\u00ed. Bienvenido a la cl\u00ednica Astihortz. 943 335 268.\" \/>\n<meta property=\"og:url\" content=\"https:\/\/www.astihortz.com\/es\" \/>\n<meta property=\"og:site_name\" content=\"Astihortz\" \/>\n<meta property=\"article:modified_time\" content=\"2021-09-02T17:53:14+00:00\" \/>\n<meta property=\"og:image\" content=\"https:\/\/www.astihortz.com\/wp-content\/uploads\/2020\/09\/Opci\u00f3n-1-scaled.jpg\" \/>\n\t<meta property=\"og:image:width\" content=\"2560\" \/>\n\t<meta property=\"og:image:height\" content=\"1702\" \/>\n<meta name=\"twitter:card\" content=\"summary_large_image\" \/>\n<script type=\"application\/ld+json\" class=\"yoast-schema-graph\">{\"@context\":\"https:\/\/schema.org\",\"@graph\":[{\"@type\":\"WebSite\",\"@id\":\"https:\/\/www.astihortz.com\/#website\",\"url\":\"https:\/\/www.astihortz.com\/\",\"name\":\"Astihortz\",\"description\":\"Cl&iacute;nica Dental Astigarraga\",\"potentialAction\":[{\"@type\":\"SearchAction\",\"target\":{\"@type\":\"EntryPoint\",\"urlTemplate\":\"https:\/\/www.astihortz.com\/?s={search_term_string}\"},\"query-input\":\"required name=search_term_string\"}],\"inLanguage\":\"es\"},{\"@type\":\"ImageObject\",\"@id\":\"https:\/\/www.astihortz.com\/es#primaryimage\",\"inLanguage\":\"es\",\"url\":\"https:\/\/www.astihortz.com\/wp-content\/uploads\/2020\/09\/Opci\\u00f3n-1-scaled.jpg\",\"contentUrl\":\"https:\/\/www.astihortz.com\/wp-content\/uploads\/2020\/09\/Opci\\u00f3n-1-scaled.jpg\",\"width\":2560,\"height\":1702,\"caption\":\"Astihortz - Clinica dental en Astigarraga\"},{\"@type\":\"WebPage\",\"@id\":\"https:\/\/www.astihortz.com\/es#webpage\",\"url\":\"https:\/\/www.astihortz.com\/es\",\"name\":\"ASTIHORTZ | Cl\\u00ednica Dental en Astigarraga\",\"isPartOf\":{\"@id\":\"https:\/\/www.astihortz.com\/#website\"},\"primaryImageOfPage\":{\"@id\":\"https:\/\/www.astihortz.com\/es#primaryimage\"},\"datePublished\":\"2020-06-08T11:00:51+00:00\",\"dateModified\":\"2021-09-02T17:53:14+00:00\",\"description\":\"Cl\\u00ednica Dental en Astigarraga, ASTIHORTZ. Un equipo de profesionales cerca de t\\u00ed. Bienvenido a la cl\\u00ednica Astihortz. 943 335 268.\",\"breadcrumb\":{\"@id\":\"https:\/\/www.astihortz.com\/es#breadcrumb\"},\"inLanguage\":\"es\",\"potentialAction\":[{\"@type\":\"ReadAction\",\"target\":[\"https:\/\/www.astihortz.com\/es\"]}]},{\"@type\":\"BreadcrumbList\",\"@id\":\"https:\/\/www.astihortz.com\/es#breadcrumb\",\"itemListElement\":[{\"@type\":\"ListItem\",\"position\":1,\"name\":\"Home\",\"item\":\"https:\/\/www.astihortz.com\/es\"},{\"@type\":\"ListItem\",\"position\":2,\"name\":\"Cl\\u00ednica Dental en Astigarraga | AstiHortz\"}]}]}<\/script>\n<!-- \/ Yoast SEO plugin. -->","yoast_head_json":{"title":"ASTIHORTZ | Cl\u00ednica Dental en Astigarraga","description":"Cl\u00ednica Dental en Astigarraga, ASTIHORTZ. Un equipo de profesionales cerca de t\u00ed. Bienvenido a la cl\u00ednica Astihortz. 943 335 268.","robots":{"index":"index","follow":"follow","max-snippet":"max-snippet:-1","max-image-preview":"max-image-preview:large","max-video-preview":"max-video-preview:-1"},"canonical":"https:\/\/www.astihortz.com\/es","og_locale":"es_ES","og_type":"article","og_title":"ASTIHORTZ | Cl\u00ednica Dental en Astigarraga","og_description":"Cl\u00ednica Dental en Astigarraga, ASTIHORTZ. Un equipo de profesionales cerca de t\u00ed. Bienvenido a la cl\u00ednica Astihortz. 943 335 268.","og_url":"https:\/\/www.astihortz.com\/es","og_site_name":"Astihortz","article_modified_time":"2021-09-02T17:53:14+00:00","og_image":[{"width":2560,"height":1702,"url":"https:\/\/www.astihortz.com\/wp-content\/uploads\/2020\/09\/Opci\u00f3n-1-scaled.jpg","path":"\/home\/abo45emy1p6n\/public_html\/wp-content\/uploads\/2020\/09\/Opci\u00f3n-1-scaled.jpg","size":"full","id":208,"alt":"Astihortz - Clinica dental en Astigarraga","pixels":4357120,"type":"image\/jpeg"}],"twitter_card":"summary_large_image","schema":{"@context":"https:\/\/schema.org","@graph":[{"@type":"WebSite","@id":"https:\/\/www.astihortz.com\/#website","url":"https:\/\/www.astihortz.com\/","name":"Astihortz","description":"Cl&iacute;nica Dental Astigarraga","potentialAction":[{"@type":"SearchAction","target":{"@type":"EntryPoint","urlTemplate":"https:\/\/www.astihortz.com\/?s={search_term_string}"},"query-input":"required name=search_term_string"}],"inLanguage":"es"},{"@type":"ImageObject","@id":"https:\/\/www.astihortz.com\/es#primaryimage","inLanguage":"es","url":"https:\/\/www.astihortz.com\/wp-content\/uploads\/2020\/09\/Opci\u00f3n-1-scaled.jpg","contentUrl":"https:\/\/www.astihortz.com\/wp-content\/uploads\/2020\/09\/Opci\u00f3n-1-scaled.jpg","width":2560,"height":1702,"caption":"Astihortz - Clinica dental en Astigarraga"},{"@type":"WebPage","@id":"https:\/\/www.astihortz.com\/es#webpage","url":"https:\/\/www.astihortz.com\/es","name":"ASTIHORTZ | Cl\u00ednica Dental en Astigarraga","isPartOf":{"@id":"https:\/\/www.astihortz.com\/#website"},"primaryImageOfPage":{"@id":"https:\/\/www.astihortz.com\/es#primaryimage"},"datePublished":"2020-06-08T11:00:51+00:00","dateModified":"2021-09-02T17:53:14+00:00","description":"Cl\u00ednica Dental en Astigarraga, ASTIHORTZ. Un equipo de profesionales cerca de t\u00ed. Bienvenido a la cl\u00ednica Astihortz. 943 335 268.","breadcrumb":{"@id":"https:\/\/www.astihortz.com\/es#breadcrumb"},"inLanguage":"es","potentialAction":[{"@type":"ReadAction","target":["https:\/\/www.astihortz.com\/es"]}]},{"@type":"BreadcrumbList","@id":"https:\/\/www.astihortz.com\/es#breadcrumb","itemListElement":[{"@type":"ListItem","position":1,"name":"Home","item":"https:\/\/www.astihortz.com\/es"},{"@type":"ListItem","position":2,"name":"Cl\u00ednica Dental en Astigarraga | AstiHortz"}]}]}},"_links":{"self":[{"href":"https:\/\/www.astihortz.com\/es\/wp-json\/wp\/v2\/pages\/64"}],"collection":[{"href":"https:\/\/www.astihortz.com\/es\/wp-json\/wp\/v2\/pages"}],"about":[{"href":"https:\/\/www.astihortz.com\/es\/wp-json\/wp\/v2\/types\/page"}],"author":[{"embeddable":true,"href":"https:\/\/www.astihortz.com\/es\/wp-json\/wp\/v2\/users\/1"}],"replies":[{"embeddable":true,"href":"https:\/\/www.astihortz.com\/es\/wp-json\/wp\/v2\/comments?post=64"}],"version-history":[{"count":4,"href":"https:\/\/www.astihortz.com\/es\/wp-json\/wp\/v2\/pages\/64\/revisions"}],"predecessor-version":[{"id":480,"href":"https:\/\/www.astihortz.com\/es\/wp-json\/wp\/v2\/pages\/64\/revisions\/480"}],"wp:featuredmedia":[{"embeddable":true,"href":"https:\/\/www.astihortz.com\/es\/wp-json\/wp\/v2\/media\/208"}],"wp:attachment":[{"href":"https:\/\/www.astihortz.com\/es\/wp-json\/wp\/v2\/media?parent=64"}],"curies":[{"name":"wp","href":"https:\/\/api.w.org\/{rel}","templated":true}]}}